{"id":60,"date":"2024-04-18T21:45:36","date_gmt":"2024-04-18T21:45:36","guid":{"rendered":"https:\/\/gergo.2722.hu\/?post_type=product&#038;p=60"},"modified":"2024-04-24T02:58:48","modified_gmt":"2024-04-24T02:58:48","slug":"a-ferfi-kenyeztetese","status":"publish","type":"product","link":"https:\/\/gergo.2722.hu\/index.php\/termek\/a-ferfi-kenyeztetese\/","title":{"rendered":"A f\u00e9rfi k\u00e9nyeztet\u00e9se"},"content":{"rendered":"<section class=\"av_textblock_section av-42wswhw6f1-559bd4c879ca83df2a55157c72587cbe \">\n<div class=\"avia_textblock av_inherit_color\">\n<h3>Szeretn\u00e9d, ha a p\u00e1rod (vagy j\u00f6v\u0151beli kedvesed) \u00e9s te magad is\u00a0<strong>jobban \u00e9lvezn\u00e9tek a szeretkez\u00e9seket, mint valaha<\/strong>?<\/h3>\n<h3>Sokak sz\u00e1m\u00e1ra kil\u00e1t\u00e1stalannak t\u0171nhet, hogy saj\u00e1t tragikusnak \u00e9rz\u00e9kelt szexu\u00e1lis \u00e9let\u00fck\u00f6n v\u00e1ltoztassanak.<br \/>\nM\u00e1sok pedig nagyon is \u00e9lvezik a szexet \u00e9s szeretn\u00e9nek m\u00e9g t\u00f6bbet kihozni bel\u0151le.<\/h3>\n<\/div>\n<\/section>\n<div class=\"hr av-42hbagpocd-3cc65e31fd44b342a9ddac1d8a24426c hr-invisible avia-builder-el-10 el_after_av_textblock el_before_av_textblock \"><\/div>\n<section class=\"av_textblock_section av-emejo3wjh-1850823341cacd2941f793b13e95f0c2 \">\n<div class=\"avia_textblock av_inherit_color\">\n<h3>Hogyan \u00e9rheted el, hogy csod\u00e1latosabbn\u00e1l csod\u00e1latosabb,\u00a0<strong>energi\u00e1val felt\u00f6lt\u0151 szexu\u00e1lis \u00e9lm\u00e9nyekkel gazdagodjatok<\/strong>\u00a0a h\u00e1l\u00f3szob\u00e1tokban?<\/h3>\n<h3>Tarts velem, \u00e9s seg\u00edtek!<\/h3>\n<\/div>\n<\/section>\n","protected":false},"excerpt":{"rendered":"<section class=\"av_textblock_section av-42wswhw6f1-559bd4c879ca83df2a55157c72587cbe \">\n<div class=\"avia_textblock av_inherit_color\">\n<h3>Szeretn\u00e9d, ha a p\u00e1rod (vagy j\u00f6v\u0151beli kedvesed) \u00e9s te magad is\u00a0<strong>jobban \u00e9lvezn\u00e9tek a szeretkez\u00e9seket, mint valaha<\/strong>?<\/h3>\n<h3>Sokak sz\u00e1m\u00e1ra kil\u00e1t\u00e1stalannak t\u0171nhet, hogy saj\u00e1t tragikusnak \u00e9rz\u00e9kelt szexu\u00e1lis \u00e9let\u00fck\u00f6n v\u00e1ltoztassanak.<br \/>\nM\u00e1sok pedig nagyon is \u00e9lvezik a szexet \u00e9s szeretn\u00e9nek m\u00e9g t\u00f6bbet kihozni bel\u0151le.<\/h3>\n<\/div>\n<\/section>\n<div class=\"hr av-42hbagpocd-3cc65e31fd44b342a9ddac1d8a24426c hr-invisible avia-builder-el-10 el_after_av_textblock el_before_av_textblock \"><\/div>\n<section class=\"av_textblock_section av-emejo3wjh-1850823341cacd2941f793b13e95f0c2 \">\n<div class=\"avia_textblock av_inherit_color\">\n<h3>Hogyan \u00e9rheted el, hogy csod\u00e1latosabbn\u00e1l csod\u00e1latosabb,\u00a0<strong>energi\u00e1val felt\u00f6lt\u0151 szexu\u00e1lis \u00e9lm\u00e9nyekkel gazdagodjatok<\/strong>\u00a0a h\u00e1l\u00f3szob\u00e1tokban?<\/h3>\n<h3>Tarts velem, \u00e9s seg\u00edtek!<\/h3>\n<\/div>\n<\/section>\n","protected":false},"featured_media":61,"comment_status":"open","ping_status":"closed","template":"","meta":[],"product_cat":[17,19],"product_tag":[],"class_list":{"0":"post-60","1":"product","2":"type-product","3":"status-publish","4":"has-post-thumbnail","6":"product_cat-ferfi-oromok","7":"product_cat-paroknak","9":"first","10":"instock","11":"downloadable","12":"virtual","13":"purchasable","14":"product-type-simple"},"yoast_head":"<!-- This site is optimized with the Yoast SEO plugin v22.5 - https:\/\/yoast.com\/wordpress\/plugins\/seo\/ -->\n<title>A f\u00e9rfi k\u00e9nyeztet\u00e9se - LILI boltja<\/title>\n<meta name=\"robots\" content=\"index, follow, max-snippet:-1, max-image-preview:large, max-video-preview:-1\" \/>\n<link rel=\"canonical\" href=\"https:\/\/gergo.2722.hu\/index.php\/termek\/a-ferfi-kenyeztetese\/\" \/>\n<meta property=\"og:locale\" content=\"hu_HU\" \/>\n<meta property=\"og:type\" content=\"article\" \/>\n<meta property=\"og:title\" content=\"A f\u00e9rfi k\u00e9nyeztet\u00e9se - LILI boltja\" \/>\n<meta property=\"og:description\" content=\"Szeretn\u00e9d, ha a p\u00e1rod (vagy j\u00f6v\u0151beli kedvesed) \u00e9s te magad is\u00a0jobban \u00e9lvezn\u00e9tek a szeretkez\u00e9seket, mint valaha? Sokak sz\u00e1m\u00e1ra kil\u00e1t\u00e1stalannak t\u0171nhet, hogy saj\u00e1t tragikusnak \u00e9rz\u00e9kelt szexu\u00e1lis \u00e9let\u00fck\u00f6n v\u00e1ltoztassanak. M\u00e1sok pedig nagyon is \u00e9lvezik a szexet \u00e9s szeretn\u00e9nek m\u00e9g t\u00f6bbet kihozni bel\u0151le.      Hogyan \u00e9rheted el, hogy csod\u00e1latosabbn\u00e1l csod\u00e1latosabb,\u00a0energi\u00e1val felt\u00f6lt\u0151 szexu\u00e1lis \u00e9lm\u00e9nyekkel gazdagodjatok\u00a0a h\u00e1l\u00f3szob\u00e1tokban? Tarts velem, \u00e9s seg\u00edtek!\" \/>\n<meta property=\"og:url\" content=\"https:\/\/gergo.2722.hu\/index.php\/termek\/a-ferfi-kenyeztetese\/\" \/>\n<meta property=\"og:site_name\" content=\"LILI boltja\" \/>\n<meta property=\"article:modified_time\" content=\"2024-04-24T02:58:48+00:00\" \/>\n<meta property=\"og:image\" content=\"https:\/\/gergo.2722.hu\/wp-content\/uploads\/2024\/04\/A-ferfi-kenyeztetese-Vegh-Ildiko.jpg\" \/>\n\t<meta property=\"og:image:width\" content=\"1200\" \/>\n\t<meta property=\"og:image:height\" content=\"630\" \/>\n\t<meta property=\"og:image:type\" content=\"image\/jpeg\" \/>\n<meta name=\"twitter:card\" content=\"summary_large_image\" \/>\n<meta name=\"twitter:label1\" content=\"Becs\u00fclt olvas\u00e1si id\u0151\" \/>\n\t<meta name=\"twitter:data1\" content=\"1 perc\" \/>\n<script type=\"application\/ld+json\" class=\"yoast-schema-graph\">{\"@context\":\"https:\/\/schema.org\",\"@graph\":[{\"@type\":\"WebPage\",\"@id\":\"https:\/\/gergo.2722.hu\/index.php\/termek\/a-ferfi-kenyeztetese\/\",\"url\":\"https:\/\/gergo.2722.hu\/index.php\/termek\/a-ferfi-kenyeztetese\/\",\"name\":\"A f\u00e9rfi k\u00e9nyeztet\u00e9se - LILI boltja\",\"isPartOf\":{\"@id\":\"https:\/\/gergo.2722.hu\/#website\"},\"primaryImageOfPage\":{\"@id\":\"https:\/\/gergo.2722.hu\/index.php\/termek\/a-ferfi-kenyeztetese\/#primaryimage\"},\"image\":{\"@id\":\"https:\/\/gergo.2722.hu\/index.php\/termek\/a-ferfi-kenyeztetese\/#primaryimage\"},\"thumbnailUrl\":\"https:\/\/gergo.2722.hu\/wp-content\/uploads\/2024\/04\/A-ferfi-kenyeztetese-Vegh-Ildiko.jpg\",\"datePublished\":\"2024-04-18T21:45:36+00:00\",\"dateModified\":\"2024-04-24T02:58:48+00:00\",\"breadcrumb\":{\"@id\":\"https:\/\/gergo.2722.hu\/index.php\/termek\/a-ferfi-kenyeztetese\/#breadcrumb\"},\"inLanguage\":\"hu\",\"potentialAction\":[{\"@type\":\"ReadAction\",\"target\":[\"https:\/\/gergo.2722.hu\/index.php\/termek\/a-ferfi-kenyeztetese\/\"]}]},{\"@type\":\"ImageObject\",\"inLanguage\":\"hu\",\"@id\":\"https:\/\/gergo.2722.hu\/index.php\/termek\/a-ferfi-kenyeztetese\/#primaryimage\",\"url\":\"https:\/\/gergo.2722.hu\/wp-content\/uploads\/2024\/04\/A-ferfi-kenyeztetese-Vegh-Ildiko.jpg\",\"contentUrl\":\"https:\/\/gergo.2722.hu\/wp-content\/uploads\/2024\/04\/A-ferfi-kenyeztetese-Vegh-Ildiko.jpg\",\"width\":1200,\"height\":630},{\"@type\":\"BreadcrumbList\",\"@id\":\"https:\/\/gergo.2722.hu\/index.php\/termek\/a-ferfi-kenyeztetese\/#breadcrumb\",\"itemListElement\":[{\"@type\":\"ListItem\",\"position\":1,\"name\":\"Kezd\u0151lap\",\"item\":\"https:\/\/gergo.2722.hu\/\"},{\"@type\":\"ListItem\",\"position\":2,\"name\":\"Shop\",\"item\":\"https:\/\/gergo.2722.hu\/\"},{\"@type\":\"ListItem\",\"position\":3,\"name\":\"A f\u00e9rfi k\u00e9nyeztet\u00e9se\"}]},{\"@type\":\"WebSite\",\"@id\":\"https:\/\/gergo.2722.hu\/#website\",\"url\":\"https:\/\/gergo.2722.hu\/\",\"name\":\"LILI boltja\",\"description\":\"\",\"potentialAction\":[{\"@type\":\"SearchAction\",\"target\":{\"@type\":\"EntryPoint\",\"urlTemplate\":\"https:\/\/gergo.2722.hu\/?s={search_term_string}\"},\"query-input\":\"required name=search_term_string\"}],\"inLanguage\":\"hu\"}]}<\/script>\n<!-- \/ Yoast SEO plugin. -->","yoast_head_json":{"title":"A f\u00e9rfi k\u00e9nyeztet\u00e9se - LILI boltja","robots":{"index":"index","follow":"follow","max-snippet":"max-snippet:-1","max-image-preview":"max-image-preview:large","max-video-preview":"max-video-preview:-1"},"canonical":"https:\/\/gergo.2722.hu\/index.php\/termek\/a-ferfi-kenyeztetese\/","og_locale":"hu_HU","og_type":"article","og_title":"A f\u00e9rfi k\u00e9nyeztet\u00e9se - LILI boltja","og_description":"Szeretn\u00e9d, ha a p\u00e1rod (vagy j\u00f6v\u0151beli kedvesed) \u00e9s te magad is\u00a0jobban \u00e9lvezn\u00e9tek a szeretkez\u00e9seket, mint valaha? Sokak sz\u00e1m\u00e1ra kil\u00e1t\u00e1stalannak t\u0171nhet, hogy saj\u00e1t tragikusnak \u00e9rz\u00e9kelt szexu\u00e1lis \u00e9let\u00fck\u00f6n v\u00e1ltoztassanak. M\u00e1sok pedig nagyon is \u00e9lvezik a szexet \u00e9s szeretn\u00e9nek m\u00e9g t\u00f6bbet kihozni bel\u0151le.      Hogyan \u00e9rheted el, hogy csod\u00e1latosabbn\u00e1l csod\u00e1latosabb,\u00a0energi\u00e1val felt\u00f6lt\u0151 szexu\u00e1lis \u00e9lm\u00e9nyekkel gazdagodjatok\u00a0a h\u00e1l\u00f3szob\u00e1tokban? Tarts velem, \u00e9s seg\u00edtek!","og_url":"https:\/\/gergo.2722.hu\/index.php\/termek\/a-ferfi-kenyeztetese\/","og_site_name":"LILI boltja","article_modified_time":"2024-04-24T02:58:48+00:00","og_image":[{"width":1200,"height":630,"url":"https:\/\/gergo.2722.hu\/wp-content\/uploads\/2024\/04\/A-ferfi-kenyeztetese-Vegh-Ildiko.jpg","type":"image\/jpeg"}],"twitter_card":"summary_large_image","twitter_misc":{"Becs\u00fclt olvas\u00e1si id\u0151":"1 perc"},"schema":{"@context":"https:\/\/schema.org","@graph":[{"@type":"WebPage","@id":"https:\/\/gergo.2722.hu\/index.php\/termek\/a-ferfi-kenyeztetese\/","url":"https:\/\/gergo.2722.hu\/index.php\/termek\/a-ferfi-kenyeztetese\/","name":"A f\u00e9rfi k\u00e9nyeztet\u00e9se - LILI boltja","isPartOf":{"@id":"https:\/\/gergo.2722.hu\/#website"},"primaryImageOfPage":{"@id":"https:\/\/gergo.2722.hu\/index.php\/termek\/a-ferfi-kenyeztetese\/#primaryimage"},"image":{"@id":"https:\/\/gergo.2722.hu\/index.php\/termek\/a-ferfi-kenyeztetese\/#primaryimage"},"thumbnailUrl":"https:\/\/gergo.2722.hu\/wp-content\/uploads\/2024\/04\/A-ferfi-kenyeztetese-Vegh-Ildiko.jpg","datePublished":"2024-04-18T21:45:36+00:00","dateModified":"2024-04-24T02:58:48+00:00","breadcrumb":{"@id":"https:\/\/gergo.2722.hu\/index.php\/termek\/a-ferfi-kenyeztetese\/#breadcrumb"},"inLanguage":"hu","potentialAction":[{"@type":"ReadAction","target":["https:\/\/gergo.2722.hu\/index.php\/termek\/a-ferfi-kenyeztetese\/"]}]},{"@type":"ImageObject","inLanguage":"hu","@id":"https:\/\/gergo.2722.hu\/index.php\/termek\/a-ferfi-kenyeztetese\/#primaryimage","url":"https:\/\/gergo.2722.hu\/wp-content\/uploads\/2024\/04\/A-ferfi-kenyeztetese-Vegh-Ildiko.jpg","contentUrl":"https:\/\/gergo.2722.hu\/wp-content\/uploads\/2024\/04\/A-ferfi-kenyeztetese-Vegh-Ildiko.jpg","width":1200,"height":630},{"@type":"BreadcrumbList","@id":"https:\/\/gergo.2722.hu\/index.php\/termek\/a-ferfi-kenyeztetese\/#breadcrumb","itemListElement":[{"@type":"ListItem","position":1,"name":"Kezd\u0151lap","item":"https:\/\/gergo.2722.hu\/"},{"@type":"ListItem","position":2,"name":"Shop","item":"https:\/\/gergo.2722.hu\/"},{"@type":"ListItem","position":3,"name":"A f\u00e9rfi k\u00e9nyeztet\u00e9se"}]},{"@type":"WebSite","@id":"https:\/\/gergo.2722.hu\/#website","url":"https:\/\/gergo.2722.hu\/","name":"LILI boltja","description":"","potentialAction":[{"@type":"SearchAction","target":{"@type":"EntryPoint","urlTemplate":"https:\/\/gergo.2722.hu\/?s={search_term_string}"},"query-input":"required name=search_term_string"}],"inLanguage":"hu"}]}},"jetpack_sharing_enabled":true,"_links":{"self":[{"href":"https:\/\/gergo.2722.hu\/index.php\/wp-json\/wp\/v2\/product\/60","targetHints":{"allow":["GET"]}}],"collection":[{"href":"https:\/\/gergo.2722.hu\/index.php\/wp-json\/wp\/v2\/product"}],"about":[{"href":"https:\/\/gergo.2722.hu\/index.php\/wp-json\/wp\/v2\/types\/product"}],"replies":[{"embeddable":true,"href":"https:\/\/gergo.2722.hu\/index.php\/wp-json\/wp\/v2\/comments?post=60"}],"wp:featuredmedia":[{"embeddable":true,"href":"https:\/\/gergo.2722.hu\/index.php\/wp-json\/wp\/v2\/media\/61"}],"wp:attachment":[{"href":"https:\/\/gergo.2722.hu\/index.php\/wp-json\/wp\/v2\/media?parent=60"}],"wp:term":[{"taxonomy":"product_cat","embeddable":true,"href":"https:\/\/gergo.2722.hu\/index.php\/wp-json\/wp\/v2\/product_cat?post=60"},{"taxonomy":"product_tag","embeddable":true,"href":"https:\/\/gergo.2722.hu\/index.php\/wp-json\/wp\/v2\/product_tag?post=60"}],"curies":[{"name":"wp","href":"https:\/\/api.w.org\/{rel}","templated":true}]}}